{"id":284,"date":"2015-07-20T08:59:11","date_gmt":"2015-07-20T08:59:11","guid":{"rendered":"http:\/\/demo.themegrill.com\/himalayas\/?page_id=4"},"modified":"2021-05-01T11:15:30","modified_gmt":"2021-05-01T09:15:30","slug":"best-clean-parallax-theme","status":"publish","type":"page","link":"https:\/\/www.claude-gravure.fr\/index.php\/best-clean-parallax-theme\/","title":{"rendered":"Verres Harry Potter"},"content":{"rendered":"<p>Offrir un cadeau qui reste, unique et original\u2026pourquoi pas un objet en verre, grav\u00e9 et personnalis\u00e9 selon votre choix\u00a0?<\/p>\n<p>&nbsp;<\/p>\n<p><strong>Vous avez une id\u00e9e particuli\u00e8re\u00a0? Un th\u00e8me pr\u00e9cis\u00a0? N\u2019h\u00e9sitez pas \u00e0 me contacter\u2026vous trouverez dans la galerie photos quelques exemples de mes cr\u00e9ations\u2026 plus de 900 mod\u00e8les en catalogue\u2026diff\u00e9rents th\u00e8mes\u2026enfants, sports, loisirs, nature, chasse, p\u00eache, marine, animaux, c\u00e9r\u00e9monies (Bapt\u00eame, communion, mariage, anniversaire\u2026) v\u00e9hicules, militaria etc\u2026<\/strong><\/p>\n","protected":false},"excerpt":{"rendered":"<p>Offrir un cadeau qui reste, unique et original\u2026pourquoi pas un objet en verre, grav\u00e9 et personnalis\u00e9 selon votre choix\u00a0? &nbsp; Vous avez une id\u00e9e particuli\u00e8re\u00a0?<\/p>\n","protected":false},"author":1,"featured_media":327,"parent":0,"menu_order":0,"comment_status":"open","ping_status":"open","template":"","meta":{"footnotes":""},"class_list":["post-284","page","type-page","status-publish","has-post-thumbnail","hentry"],"_links":{"self":[{"href":"https:\/\/www.claude-gravure.fr\/index.php\/wp-json\/wp\/v2\/pages\/284","targetHints":{"allow":["GET"]}}],"collection":[{"href":"https:\/\/www.claude-gravure.fr\/index.php\/wp-json\/wp\/v2\/pages"}],"about":[{"href":"https:\/\/www.claude-gravure.fr\/index.php\/wp-json\/wp\/v2\/types\/page"}],"author":[{"embeddable":true,"href":"https:\/\/www.claude-gravure.fr\/index.php\/wp-json\/wp\/v2\/users\/1"}],"replies":[{"embeddable":true,"href":"https:\/\/www.claude-gravure.fr\/index.php\/wp-json\/wp\/v2\/comments?post=284"}],"version-history":[{"count":3,"href":"https:\/\/www.claude-gravure.fr\/index.php\/wp-json\/wp\/v2\/pages\/284\/revisions"}],"predecessor-version":[{"id":448,"href":"https:\/\/www.claude-gravure.fr\/index.php\/wp-json\/wp\/v2\/pages\/284\/revisions\/448"}],"wp:featuredmedia":[{"embeddable":true,"href":"https:\/\/www.claude-gravure.fr\/index.php\/wp-json\/wp\/v2\/media\/327"}],"wp:attachment":[{"href":"https:\/\/www.claude-gravure.fr\/index.php\/wp-json\/wp\/v2\/media?parent=284"}],"curies":[{"name":"wp","href":"https:\/\/api.w.org\/{rel}","templated":true}]}}